{"id":1449,"date":"2024-09-30T08:15:12","date_gmt":"2024-09-30T08:15:12","guid":{"rendered":"https:\/\/nazmiakpinarlojistik.com.tr\/?page_id=1449"},"modified":"2024-10-02T07:06:39","modified_gmt":"2024-10-02T07:06:39","slug":"performans-degerlendirme","status":"publish","type":"page","link":"https:\/\/nazmiakpinarlojistik.com.tr\/?page_id=1449","title":{"rendered":"Performans De\u011ferlendirme"},"content":{"rendered":"\t\t<div data-elementor-type=\"wp-page\" data-elementor-id=\"1449\" class=\"elementor elementor-1449\" data-elementor-post-type=\"page\">\n\t\t\t\t<div class=\"elementor-element elementor-element-65fd9d2 e-flex e-con-boxed e-con e-parent\" data-id=\"65fd9d2\" data-element_type=\"container\">\n\t\t\t\t\t<div class=\"e-con-inner\">\n\t\t\t\t<div class=\"elementor-element elementor-element-62d0e17 elementor-widget elementor-widget-text-editor\" data-id=\"62d0e17\" data-element_type=\"widget\" data-widget_type=\"text-editor.default\">\n\t\t\t\t<div class=\"elementor-widget-container\">\n\t\t\t\t\t\t\t<h1 class=\"baslik1solsag\">Performans De\u011ferlendirme<\/h1><div class=\"orta-kutu-sol-sag orta-kutu-sol-sag-icerik\"><ul><li><span>\u015eirket\u00a0olarak \u00e7al\u0131\u015fanlar\u0131m\u0131zdan, gerek bireysel geli\u015fimleri gerekse \u00e7al\u0131\u015ft\u0131klar\u0131 birimin verimini en \u00fcst d\u00fczeye \u00e7\u0131kartacak \u015fekilde faaliyetlerini y\u00fcr\u00fctmeleri beklenmektedir. Bu do\u011frultuda performans de\u011ferlendirme sistemimiz, \u015firketlerimizdeki faaliyet farkl\u0131l\u0131klar\u0131n\u0131 da g\u00f6z \u00f6n\u00fcnde bulundurularak geli\u015ftirilmi\u015ftir. Hedefleri ger\u00e7ekle\u015ftirme ve birikimler i\u00e7erikli performans de\u011ferlendirme sistemimiz, zaman i\u00e7inde olu\u015fan ihtiya\u00e7lar do\u011frultusunda s\u00fcrekli g\u00fcncellenmektedir.<\/span><\/li><\/ul><\/div>\t\t\t\t\t\t<\/div>\n\t\t\t\t<\/div>\n\t\t\t\t\t<\/div>\n\t\t\t\t<\/div>\n\t\t\t\t<\/div>\n\t\t","protected":false},"excerpt":{"rendered":"<p>Performans De\u011ferlendirme \u015eirket\u00a0olarak \u00e7al\u0131\u015fanlar\u0131m\u0131zdan, gerek bireysel geli\u015fimleri gerekse \u00e7al\u0131\u015ft\u0131klar\u0131 birimin verimini en \u00fcst d\u00fczeye \u00e7\u0131kartacak \u015fekilde faaliyetlerini y\u00fcr\u00fctmeleri beklenmektedir. Bu do\u011frultuda performans de\u011ferlendirme sistemimiz, \u015firketlerimizdeki faaliyet farkl\u0131l\u0131klar\u0131n\u0131 da g\u00f6z \u00f6n\u00fcnde bulundurularak geli\u015ftirilmi\u015ftir. Hedefleri ger\u00e7ekle\u015ftirme ve birikimler i\u00e7erikli performans de\u011ferlendirme sistemimiz, zaman i\u00e7inde olu\u015fan ihtiya\u00e7lar do\u011frultusunda s\u00fcrekli g\u00fcncellenmektedir.<\/p>\n","protected":false},"author":1,"featured_media":0,"parent":0,"menu_order":0,"comment_status":"closed","ping_status":"closed","template":"","meta":{"footnotes":""},"class_list":["post-1449","page","type-page","status-publish","hentry"],"_links":{"self":[{"href":"https:\/\/nazmiakpinarlojistik.com.tr\/index.php?rest_route=\/wp\/v2\/pages\/1449","targetHints":{"allow":["GET"]}}],"collection":[{"href":"https:\/\/nazmiakpinarlojistik.com.tr\/index.php?rest_route=\/wp\/v2\/pages"}],"about":[{"href":"https:\/\/nazmiakpinarlojistik.com.tr\/index.php?rest_route=\/wp\/v2\/types\/page"}],"author":[{"embeddable":true,"href":"https:\/\/nazmiakpinarlojistik.com.tr\/index.php?rest_route=\/wp\/v2\/users\/1"}],"replies":[{"embeddable":true,"href":"https:\/\/nazmiakpinarlojistik.com.tr\/index.php?rest_route=%2Fwp%2Fv2%2Fcomments&post=1449"}],"version-history":[{"count":7,"href":"https:\/\/nazmiakpinarlojistik.com.tr\/index.php?rest_route=\/wp\/v2\/pages\/1449\/revisions"}],"predecessor-version":[{"id":1579,"href":"https:\/\/nazmiakpinarlojistik.com.tr\/index.php?rest_route=\/wp\/v2\/pages\/1449\/revisions\/1579"}],"wp:attachment":[{"href":"https:\/\/nazmiakpinarlojistik.com.tr\/index.php?rest_route=%2Fwp%2Fv2%2Fmedia&parent=1449"}],"curies":[{"name":"wp","href":"https:\/\/api.w.org\/{rel}","templated":true}]}}