{"id":1371,"date":"2024-09-30T08:14:30","date_gmt":"2024-09-30T08:14:30","guid":{"rendered":"https:\/\/nazmiakpinarlojistik.com.tr\/?page_id=1371"},"modified":"2024-10-02T06:58:43","modified_gmt":"2024-10-02T06:58:43","slug":"oryantasyon","status":"publish","type":"page","link":"https:\/\/nazmiakpinarlojistik.com.tr\/?page_id=1371","title":{"rendered":"Oryantasyon"},"content":{"rendered":"\t\t<div data-elementor-type=\"wp-page\" data-elementor-id=\"1371\" class=\"elementor elementor-1371\" data-elementor-post-type=\"page\">\n\t\t\t\t<div class=\"elementor-element elementor-element-29a37b2 e-flex e-con-boxed e-con e-parent\" data-id=\"29a37b2\" data-element_type=\"container\">\n\t\t\t\t\t<div class=\"e-con-inner\">\n\t\t\t\t<div class=\"elementor-element elementor-element-e73134a elementor-widget elementor-widget-text-editor\" data-id=\"e73134a\" data-element_type=\"widget\" data-widget_type=\"text-editor.default\">\n\t\t\t\t<div class=\"elementor-widget-container\">\n\t\t\t\t\t\t\t<h1 class=\"baslik1solsag\">Oryantasyon<\/h1><div class=\"orta-kutu-sol-sag orta-kutu-sol-sag-icerik\"><ul><li><span>\u015eirketimize\u00a0yeni kat\u0131lan personel, istihdam edilece\u011fi birimin i\u015fleyi\u015fi ve genel bilgileri yan\u0131nda yerle\u015ftikleri pozisyonun nitelikleri, birikimleri ve g\u00f6rev tan\u0131mlar\u0131n\u0131n aktar\u0131ld\u0131\u011f\u0131 oryantasyon s\u00fcrecinden ge\u00e7erler.<\/span><\/li><\/ul><\/div>\t\t\t\t\t\t<\/div>\n\t\t\t\t<\/div>\n\t\t\t\t\t<\/div>\n\t\t\t\t<\/div>\n\t\t\t\t<\/div>\n\t\t","protected":false},"excerpt":{"rendered":"<p>Oryantasyon \u015eirketimize\u00a0yeni kat\u0131lan personel, istihdam edilece\u011fi birimin i\u015fleyi\u015fi ve genel bilgileri yan\u0131nda yerle\u015ftikleri pozisyonun nitelikleri, birikimleri ve g\u00f6rev tan\u0131mlar\u0131n\u0131n aktar\u0131ld\u0131\u011f\u0131 oryantasyon s\u00fcrecinden ge\u00e7erler.<\/p>\n","protected":false},"author":1,"featured_media":0,"parent":0,"menu_order":0,"comment_status":"closed","ping_status":"closed","template":"","meta":{"footnotes":""},"class_list":["post-1371","page","type-page","status-publish","hentry"],"_links":{"self":[{"href":"https:\/\/nazmiakpinarlojistik.com.tr\/index.php?rest_route=\/wp\/v2\/pages\/1371","targetHints":{"allow":["GET"]}}],"collection":[{"href":"https:\/\/nazmiakpinarlojistik.com.tr\/index.php?rest_route=\/wp\/v2\/pages"}],"about":[{"href":"https:\/\/nazmiakpinarlojistik.com.tr\/index.php?rest_route=\/wp\/v2\/types\/page"}],"author":[{"embeddable":true,"href":"https:\/\/nazmiakpinarlojistik.com.tr\/index.php?rest_route=\/wp\/v2\/users\/1"}],"replies":[{"embeddable":true,"href":"https:\/\/nazmiakpinarlojistik.com.tr\/index.php?rest_route=%2Fwp%2Fv2%2Fcomments&post=1371"}],"version-history":[{"count":4,"href":"https:\/\/nazmiakpinarlojistik.com.tr\/index.php?rest_route=\/wp\/v2\/pages\/1371\/revisions"}],"predecessor-version":[{"id":1570,"href":"https:\/\/nazmiakpinarlojistik.com.tr\/index.php?rest_route=\/wp\/v2\/pages\/1371\/revisions\/1570"}],"wp:attachment":[{"href":"https:\/\/nazmiakpinarlojistik.com.tr\/index.php?rest_route=%2Fwp%2Fv2%2Fmedia&parent=1371"}],"curies":[{"name":"wp","href":"https:\/\/api.w.org\/{rel}","templated":true}]}}