{"id":1363,"date":"2024-09-30T08:14:30","date_gmt":"2024-09-30T08:14:30","guid":{"rendered":"https:\/\/nazmiakpinarlojistik.com.tr\/?page_id=1363"},"modified":"2024-10-01T13:21:13","modified_gmt":"2024-10-01T13:21:13","slug":"cevre-ve-insan","status":"publish","type":"page","link":"https:\/\/nazmiakpinarlojistik.com.tr\/?page_id=1363","title":{"rendered":"\u00c7evre ve \u0130nsan"},"content":{"rendered":"\t\t<div data-elementor-type=\"wp-page\" data-elementor-id=\"1363\" class=\"elementor elementor-1363\" data-elementor-post-type=\"page\">\n\t\t\t\t<div class=\"elementor-element elementor-element-e07d240 e-flex e-con-boxed e-con e-parent\" data-id=\"e07d240\" data-element_type=\"container\">\n\t\t\t\t\t<div class=\"e-con-inner\">\n\t\t\t\t<div class=\"elementor-element elementor-element-d1bf9a9 elementor-widget elementor-widget-text-editor\" data-id=\"d1bf9a9\" data-element_type=\"widget\" data-widget_type=\"text-editor.default\">\n\t\t\t\t<div class=\"elementor-widget-container\">\n\t\t\t\t\t\t\t<h1 class=\"baslik1solsag\">\u00c7evre ve \u0130nsan<\/h1><div class=\"orta-kutu-sol-sag orta-kutu-sol-sag-icerik\"><p><span>Nazmi Akp\u0131nar \u015eirketleri; \u00fcretim faaliyetlerinden, y\u00f6netim bi\u00e7imine kadar her alanda insan ve onun ya\u015fad\u0131\u011f\u0131 \u00e7evreye kar\u015f\u0131 \u00e7ok hassas ve duyarl\u0131 bir \u015firkettir. Geli\u015fme ve kalk\u0131nman\u0131n bilincinde olan \u015firketimizin \u00e7evresel sorumluluk anlay\u0131\u015f\u0131, yasal zorunluluklar\u0131 yerine getirmenin \u00f6tesinde, \u00e7evresel y\u00f6netim sistemi anlay\u0131\u015f\u0131yla insan ve \u00e7evreyi korumaya ve geli\u015ftirmeye \u00f6zel \u00f6nem vermektedir.<\/span><\/p><p><\/p><p><span>\u00c7evre y\u00f6netim sistemi ve politikas\u0131 do\u011frultusunda; at\u0131k temizlemetesisi, s\u0131v\u0131-kat\u0131 at\u0131k yakma tesisi, \u00e7evre mevzuat\u0131 gere\u011fi y\u00fck\u00fcml\u00fcl\u00fcklerimizin yerine getirilmesinin takibini ve denetimini yapacak \u00c7EVRE B\u0130R\u0130M\u0130N\u0130N olu\u015fturulmas\u0131, \u00e7al\u0131\u015fanlara y\u00f6nelik \u00e7evre e\u011fitimleri, ger\u00e7ekle\u015ftirdi\u011fimiz faaliyetlerden baz\u0131lar\u0131d\u0131r.<\/span><\/p><p><\/p><p><span><strong>\u015eirketimiz; at\u0131k giderme sistemleri, kirlilik \u00f6l\u00e7\u00fcm ve izleme \u00e7al\u0131\u015fmalar\u0131, \u00e7evresel yat\u0131r\u0131mlar ve kurum d\u0131\u015f\u0131 \u00e7evre \u00e7al\u0131\u015fmalar\u0131na verdi\u011fi destek ile \u00e7evresel de\u011ferleri \u00f6n plana alan \u00e7evre dostu\u00a0\u015eirket\u00a0olma kapsam\u0131nda;<\/strong><\/span><\/p><p><\/p><p><span>Resmi, g\u00f6n\u00fcll\u00fc kurum ve kurulu\u015flar yan\u0131nda, toplumun her kesimi ile i\u015f birli\u011fi yaparak ulusal ve uluslararas\u0131 yasalara uygun olarak olumsuz \u00e7evresel etkileri minimuma indirmek sureti ile do\u011fal \u00e7evreyi koruyaca\u011f\u0131m\u0131z\u0131,<\/span><\/p><p><\/p><p><span>Teknoloji-Ekonomi-\u00c7evre aras\u0131ndaki ili\u015fkiden hareketle, uygun teknoloji se\u00e7imi ve kullan\u0131m\u0131 sonucunda enerji tasarrufunu, do\u011fal kaynaklar\u0131n israf\u0131n\u0131n \u00f6nlenmesini, at\u0131klar\u0131n azalt\u0131lmas\u0131 ve geri d\u00f6n\u00fc\u015f\u00fcm\u00fc yoluyla \u00fclke ekonomisine kazand\u0131r\u0131lmas\u0131n\u0131 ana prensip olarak belirleyece\u011fimizi,<\/span><\/p><p><\/p><p><span>G\u00fcn\u00fcm\u00fczde h\u0131zla geli\u015fen teknoloji ve buna paralel olarak de\u011fi\u015fen \u00e7evresel yakla\u015f\u0131mlar do\u011frultusunda \u00e7evre ve insan sa\u011fl\u0131\u011f\u0131n\u0131n korunmas\u0131 i\u00e7in \u015firketimizdeki t\u00fcm \u00e7al\u0131\u015fanlar\u0131n e\u011fitim ve uygulamalara aktif bir \u015fekilde kat\u0131l\u0131m\u0131n\u0131 sa\u011flayarak, dinamik bir \u00e7evre politikas\u0131na \u00f6ncelik verece\u011fimizi,<\/span><\/p><p><\/p><p><span>\u015eirket olarak, \u00e7al\u0131\u015fmalar\u0131m\u0131z\u0131 s\u00fcrd\u00fcr\u00fcrken ba\u015fta \u00e7evre ve insan sa\u011fl\u0131\u011f\u0131 olmak \u00fczere kurumsal, sosyal sorumluluk ve \u00e7evre bilinci ile hareket edece\u011fimizi,<\/span><\/p><p><\/p><p><span>B\u00fct\u00fcn tesislerin d\u0131\u015f g\u00f6r\u00fcn\u00fc\u015f\u00fcn\u00fc \u00e7evre ile uyumlu hale getirece\u011fimizi, do\u011fal yap\u0131 ve insan sa\u011fl\u0131\u011f\u0131na zarar vermeyece\u011fimizi,<\/span><\/p><p><\/p><p><span>Yasa ve y\u00f6nergelere ba\u011fl\u0131 kalaca\u011f\u0131m\u0131z\u0131, temiz havan\u0131n korunmas\u0131na katk\u0131 sa\u011flayaca\u011f\u0131m\u0131z\u0131, kamu ve \u00f6zel kurumlara kar\u015f\u0131 sorumluluklar\u0131m\u0131z\u0131 yerine getirece\u011fimizi,<\/span><\/p><p><\/p><p><span>Kaliteli \u00fcretim ve hizmet anlay\u0131\u015f\u0131na paralel olarak, ekolojik dengeye zarar vermeden \u00e7evresel de\u011ferleri koruyarak \u00fcretismi \u00f6ncelikli g\u00f6revlerden kabul edip, \u00e7evreyi korunmada son derece duyarl\u0131 olaca\u011f\u0131m\u0131z\u0131,<\/span><\/p><p><\/p><p><span>B\u00f6lgemizdeki modern ya\u015fam alanlar\u0131n\u0131 ve alt yap\u0131y\u0131 kurarken bu g\u00fcnk\u00fc ve gelecekteki ku\u015faklar\u0131n da haklar\u0131n\u0131 d\u00fc\u015f\u00fcnece\u011fimizi,<\/span><\/p><p><\/p><p><span>\u00c7evreyi t\u00fcketmeden \u00fcretmek i\u00e7in t\u00fcm imkanlar\u0131m\u0131z\u0131 kullan\u0131rken, do\u011fay\u0131 ve i\u00e7indeki t\u00fcm varl\u0131klar\u0131 bu g\u00fcn\u00fcyle ve yar\u0131n\u0131yla koruma bilinci ve hassasiyeti i\u00e7inde olaca\u011f\u0131m\u0131z\u0131,<\/span><\/p><p><\/p><p><span>Faaliyet alan\u0131nda sekt\u00f6r\u00fcn\u00fcn\u00a0 \u00f6nde gelen kurulu\u015flar\u0131ndan biri olan \u015firketimizde, yukar\u0131da belirtilen hususlar\u0131n yerine getirilebilmesi i\u00e7in t\u00fcm deste\u011fi sa\u011flayaca\u011f\u0131m\u0131z\u0131, gerekli kaynaklar\u0131 ay\u0131raca\u011f\u0131m\u0131z\u0131, y\u00fcr\u00fcrl\u00fckte olan \u00e7evre mevzuat\u0131na ve idari d\u00fczenlemelere aynen uyaca\u011f\u0131m\u0131z\u0131 taahh\u00fct ederiz.<\/span><\/p><\/div>\t\t\t\t\t\t<\/div>\n\t\t\t\t<\/div>\n\t\t\t\t\t<\/div>\n\t\t\t\t<\/div>\n\t\t\t\t<\/div>\n\t\t","protected":false},"excerpt":{"rendered":"<p>\u00c7evre ve \u0130nsan Nazmi Akp\u0131nar \u015eirketleri; \u00fcretim faaliyetlerinden, y\u00f6netim bi\u00e7imine kadar her alanda insan ve onun ya\u015fad\u0131\u011f\u0131 \u00e7evreye kar\u015f\u0131 \u00e7ok hassas ve duyarl\u0131 bir \u015firkettir. Geli\u015fme ve kalk\u0131nman\u0131n bilincinde olan \u015firketimizin \u00e7evresel sorumluluk anlay\u0131\u015f\u0131, yasal zorunluluklar\u0131 yerine getirmenin \u00f6tesinde, \u00e7evresel y\u00f6netim sistemi anlay\u0131\u015f\u0131yla insan ve \u00e7evreyi korumaya ve geli\u015ftirmeye \u00f6zel [&hellip;]<\/p>\n","protected":false},"author":1,"featured_media":0,"parent":0,"menu_order":0,"comment_status":"closed","ping_status":"closed","template":"","meta":{"footnotes":""},"class_list":["post-1363","page","type-page","status-publish","hentry"],"_links":{"self":[{"href":"https:\/\/nazmiakpinarlojistik.com.tr\/index.php?rest_route=\/wp\/v2\/pages\/1363","targetHints":{"allow":["GET"]}}],"collection":[{"href":"https:\/\/nazmiakpinarlojistik.com.tr\/index.php?rest_route=\/wp\/v2\/pages"}],"about":[{"href":"https:\/\/nazmiakpinarlojistik.com.tr\/index.php?rest_route=\/wp\/v2\/types\/page"}],"author":[{"embeddable":true,"href":"https:\/\/nazmiakpinarlojistik.com.tr\/index.php?rest_route=\/wp\/v2\/users\/1"}],"replies":[{"embeddable":true,"href":"https:\/\/nazmiakpinarlojistik.com.tr\/index.php?rest_route=%2Fwp%2Fv2%2Fcomments&post=1363"}],"version-history":[{"count":4,"href":"https:\/\/nazmiakpinarlojistik.com.tr\/index.php?rest_route=\/wp\/v2\/pages\/1363\/revisions"}],"predecessor-version":[{"id":1540,"href":"https:\/\/nazmiakpinarlojistik.com.tr\/index.php?rest_route=\/wp\/v2\/pages\/1363\/revisions\/1540"}],"wp:attachment":[{"href":"https:\/\/nazmiakpinarlojistik.com.tr\/index.php?rest_route=%2Fwp%2Fv2%2Fmedia&parent=1363"}],"curies":[{"name":"wp","href":"https:\/\/api.w.org\/{rel}","templated":true}]}}