{"id":1359,"date":"2024-09-30T08:14:30","date_gmt":"2024-09-30T08:14:30","guid":{"rendered":"https:\/\/nazmiakpinarlojistik.com.tr\/?page_id=1359"},"modified":"2024-10-02T06:46:07","modified_gmt":"2024-10-02T06:46:07","slug":"egitim","status":"publish","type":"page","link":"https:\/\/nazmiakpinarlojistik.com.tr\/?page_id=1359","title":{"rendered":"E\u011fitim"},"content":{"rendered":"\t\t<div data-elementor-type=\"wp-page\" data-elementor-id=\"1359\" class=\"elementor elementor-1359\" data-elementor-post-type=\"page\">\n\t\t\t\t<div class=\"elementor-element elementor-element-a65ee5d e-flex e-con-boxed e-con e-parent\" data-id=\"a65ee5d\" data-element_type=\"container\">\n\t\t\t\t\t<div class=\"e-con-inner\">\n\t\t\t\t<div class=\"elementor-element elementor-element-dc89d53 elementor-widget elementor-widget-text-editor\" data-id=\"dc89d53\" data-element_type=\"widget\" data-widget_type=\"text-editor.default\">\n\t\t\t\t<div class=\"elementor-widget-container\">\n\t\t\t\t\t\t\t<h1 class=\"baslik1solsag\">E\u011fitim<\/h1><div class=\"orta-kutu-sol-sag orta-kutu-sol-sag-icerik\"><ul><li><span>\u015eirketimiz; faaliyetler ve bireysel geli\u015fim i\u00e7in, \u00e7al\u0131\u015fanlar\u0131m\u0131z\u0131n ihtiya\u00e7 duydu\u011fu e\u011fitim programlar\u0131n\u0131 ve uygulamalar\u0131n\u0131 grup i\u00e7i ve grup d\u0131\u015f\u0131 kaynaklardan temin etmektedir. E\u011fitim Programlar\u0131; y\u00f6netim veya \u00e7al\u0131\u015fanlar\u0131n taleplerinin incelenmesi sonras\u0131nda olu\u015fturulmaktad\u0131r.<\/span><\/li><\/ul><\/div>\t\t\t\t\t\t<\/div>\n\t\t\t\t<\/div>\n\t\t\t\t\t<\/div>\n\t\t\t\t<\/div>\n\t\t\t\t<\/div>\n\t\t","protected":false},"excerpt":{"rendered":"<p>E\u011fitim \u015eirketimiz; faaliyetler ve bireysel geli\u015fim i\u00e7in, \u00e7al\u0131\u015fanlar\u0131m\u0131z\u0131n ihtiya\u00e7 duydu\u011fu e\u011fitim programlar\u0131n\u0131 ve uygulamalar\u0131n\u0131 grup i\u00e7i ve grup d\u0131\u015f\u0131 kaynaklardan temin etmektedir. E\u011fitim Programlar\u0131; y\u00f6netim veya \u00e7al\u0131\u015fanlar\u0131n taleplerinin incelenmesi sonras\u0131nda olu\u015fturulmaktad\u0131r.<\/p>\n","protected":false},"author":1,"featured_media":0,"parent":0,"menu_order":0,"comment_status":"closed","ping_status":"closed","template":"","meta":{"footnotes":""},"class_list":["post-1359","page","type-page","status-publish","hentry"],"_links":{"self":[{"href":"https:\/\/nazmiakpinarlojistik.com.tr\/index.php?rest_route=\/wp\/v2\/pages\/1359","targetHints":{"allow":["GET"]}}],"collection":[{"href":"https:\/\/nazmiakpinarlojistik.com.tr\/index.php?rest_route=\/wp\/v2\/pages"}],"about":[{"href":"https:\/\/nazmiakpinarlojistik.com.tr\/index.php?rest_route=\/wp\/v2\/types\/page"}],"author":[{"embeddable":true,"href":"https:\/\/nazmiakpinarlojistik.com.tr\/index.php?rest_route=\/wp\/v2\/users\/1"}],"replies":[{"embeddable":true,"href":"https:\/\/nazmiakpinarlojistik.com.tr\/index.php?rest_route=%2Fwp%2Fv2%2Fcomments&post=1359"}],"version-history":[{"count":4,"href":"https:\/\/nazmiakpinarlojistik.com.tr\/index.php?rest_route=\/wp\/v2\/pages\/1359\/revisions"}],"predecessor-version":[{"id":1552,"href":"https:\/\/nazmiakpinarlojistik.com.tr\/index.php?rest_route=\/wp\/v2\/pages\/1359\/revisions\/1552"}],"wp:attachment":[{"href":"https:\/\/nazmiakpinarlojistik.com.tr\/index.php?rest_route=%2Fwp%2Fv2%2Fmedia&parent=1359"}],"curies":[{"name":"wp","href":"https:\/\/api.w.org\/{rel}","templated":true}]}}