{"id":1358,"date":"2024-09-30T08:14:30","date_gmt":"2024-09-30T08:14:30","guid":{"rendered":"https:\/\/nazmiakpinarlojistik.com.tr\/?page_id=1358"},"modified":"2024-10-02T06:45:21","modified_gmt":"2024-10-02T06:45:21","slug":"kaynaklarin-kullanimi","status":"publish","type":"page","link":"https:\/\/nazmiakpinarlojistik.com.tr\/?page_id=1358","title":{"rendered":"Kaynaklar\u0131n Kullan\u0131m\u0131"},"content":{"rendered":"\t\t<div data-elementor-type=\"wp-page\" data-elementor-id=\"1358\" class=\"elementor elementor-1358\" data-elementor-post-type=\"page\">\n\t\t\t\t<div class=\"elementor-element elementor-element-5651779 e-flex e-con-boxed e-con e-parent\" data-id=\"5651779\" data-element_type=\"container\">\n\t\t\t\t\t<div class=\"e-con-inner\">\n\t\t\t\t<div class=\"elementor-element elementor-element-b847434 elementor-widget elementor-widget-text-editor\" data-id=\"b847434\" data-element_type=\"widget\" data-widget_type=\"text-editor.default\">\n\t\t\t\t<div class=\"elementor-widget-container\">\n\t\t\t\t\t\t\t<h1 class=\"baslik1solsag\">Kaynaklar\u0131n Kullan\u0131m\u0131<\/h1><div class=\"orta-kutu-sol-sag orta-kutu-sol-sag-icerik\"><p><span>Kaynak kullan\u0131mlar\u0131nda, \u015firketin \u00e7\u0131karlar\u0131na dikkat etmek, \u015firket \u00e7\u0131kar\u0131 olmaks\u0131z\u0131n her ne isim alt\u0131nda ve her kim ad\u0131na ve yarar\u0131na olursa olsun \u015firketin varl\u0131klar\u0131n\u0131, olanaklar\u0131n\u0131 ve personelini d\u0131\u015far\u0131da kullanmamak, her konuda tasarruf ilkesine uymak,<\/span><\/p><p><\/p><p><span>Kaynak ve zaman\u0131 iyi planlay\u0131p do\u011fru kullan\u0131m\u0131na \u00f6zen g\u00f6stermek, i\u015f saatleri i\u00e7inde \u00f6zel i\u015flere zaman ay\u0131rmamak, \u00e7al\u0131\u015fanlar\u0131 \u015fahsi i\u015fler i\u00e7in g\u00f6revlendirmemek,<\/span><\/p><p><\/p><p><span>\u00c7al\u0131\u015fma saatleri i\u00e7inde \u00f6zel ziyaret\u00e7i kabul etmemek, zorunlu hallerdeki g\u00f6r\u00fc\u015fmelerde i\u015f ak\u0131\u015f\u0131n\u0131 engellememek,<\/span><\/p><p><\/p><p><span>M\u00fc\u015fteri lehine bile olsa, m\u00fc\u015fteri bilgisi olmaks\u0131z\u0131n bir i\u015flem yapmamak, \u015firket lehine olsa dahi, m\u00fc\u015fteri zaaflar\u0131ndan yararlanmamak, m\u00fc\u015fteriye eksik ya da yanl\u0131\u015f bilgi vererek kar amac\u0131 g\u00fctmemek,<\/span><\/p><p><\/p><p><span>Medya ve sosyal ili\u015fkilerde, \u015firketin bilgisi \u00e7er\u00e7evesinde hareket etmek, \u015firket\u00a0\u00fcst y\u00f6netiminin onay\u0131n\u0131 almadan, herhangi bir yay\u0131n kurulu\u015funa deme\u00e7 vermemek, m\u00fclakat yapmamak, konu\u015fmac\u0131 olarak kat\u0131lmamak, bu faaliyetleri hi\u00e7bir \u015fekilde ki\u015fisel kazan\u00e7 elde etmek i\u00e7in kullanmamak,<\/span><\/p><p><\/p><p><span>G\u00f6rev yaparken tarafs\u0131zl\u0131\u011f\u0131, performans\u0131 ve karar almay\u0131\u00a0 etkileyecek ekonomik de\u011feri olan ya da olmayan menfaat ve hediye almamak,<\/span><\/p><p><\/p><p><span>Alt i\u015fverenlerden, tedarik\u00e7ilerden, dan\u0131\u015fmanlardan, rakiplerden veya m\u00fc\u015fterilerden kar\u015f\u0131l\u0131ks\u0131z veya \u00f6d\u00fcn\u00e7 niteli\u011finde para kabul etmemek, seyahat giderlerini, etkinlik harcamalar\u0131n\u0131 ve benzeri \u00f6demeleri kar\u015f\u0131latmamakt\u0131r.<\/span><\/p><\/div>\t\t\t\t\t\t<\/div>\n\t\t\t\t<\/div>\n\t\t\t\t\t<\/div>\n\t\t\t\t<\/div>\n\t\t\t\t<\/div>\n\t\t","protected":false},"excerpt":{"rendered":"<p>Kaynaklar\u0131n Kullan\u0131m\u0131 Kaynak kullan\u0131mlar\u0131nda, \u015firketin \u00e7\u0131karlar\u0131na dikkat etmek, \u015firket \u00e7\u0131kar\u0131 olmaks\u0131z\u0131n her ne isim alt\u0131nda ve her kim ad\u0131na ve yarar\u0131na olursa olsun \u015firketin varl\u0131klar\u0131n\u0131, olanaklar\u0131n\u0131 ve personelini d\u0131\u015far\u0131da kullanmamak, her konuda tasarruf ilkesine uymak, Kaynak ve zaman\u0131 iyi planlay\u0131p do\u011fru kullan\u0131m\u0131na \u00f6zen g\u00f6stermek, i\u015f saatleri i\u00e7inde \u00f6zel i\u015flere zaman [&hellip;]<\/p>\n","protected":false},"author":1,"featured_media":0,"parent":0,"menu_order":0,"comment_status":"closed","ping_status":"closed","template":"","meta":{"footnotes":""},"class_list":["post-1358","page","type-page","status-publish","hentry"],"_links":{"self":[{"href":"https:\/\/nazmiakpinarlojistik.com.tr\/index.php?rest_route=\/wp\/v2\/pages\/1358","targetHints":{"allow":["GET"]}}],"collection":[{"href":"https:\/\/nazmiakpinarlojistik.com.tr\/index.php?rest_route=\/wp\/v2\/pages"}],"about":[{"href":"https:\/\/nazmiakpinarlojistik.com.tr\/index.php?rest_route=\/wp\/v2\/types\/page"}],"author":[{"embeddable":true,"href":"https:\/\/nazmiakpinarlojistik.com.tr\/index.php?rest_route=\/wp\/v2\/users\/1"}],"replies":[{"embeddable":true,"href":"https:\/\/nazmiakpinarlojistik.com.tr\/index.php?rest_route=%2Fwp%2Fv2%2Fcomments&post=1358"}],"version-history":[{"count":4,"href":"https:\/\/nazmiakpinarlojistik.com.tr\/index.php?rest_route=\/wp\/v2\/pages\/1358\/revisions"}],"predecessor-version":[{"id":1549,"href":"https:\/\/nazmiakpinarlojistik.com.tr\/index.php?rest_route=\/wp\/v2\/pages\/1358\/revisions\/1549"}],"wp:attachment":[{"href":"https:\/\/nazmiakpinarlojistik.com.tr\/index.php?rest_route=%2Fwp%2Fv2%2Fmedia&parent=1358"}],"curies":[{"name":"wp","href":"https:\/\/api.w.org\/{rel}","templated":true}]}}