{"id":1357,"date":"2024-09-30T08:14:30","date_gmt":"2024-09-30T08:14:30","guid":{"rendered":"https:\/\/nazmiakpinarlojistik.com.tr\/?page_id=1357"},"modified":"2024-10-02T06:44:14","modified_gmt":"2024-10-02T06:44:14","slug":"diger-sorumluluklar","status":"publish","type":"page","link":"https:\/\/nazmiakpinarlojistik.com.tr\/?page_id=1357","title":{"rendered":"Di\u011fer Sorumluluklar"},"content":{"rendered":"\t\t<div data-elementor-type=\"wp-page\" data-elementor-id=\"1357\" class=\"elementor elementor-1357\" data-elementor-post-type=\"page\">\n\t\t\t\t<div class=\"elementor-element elementor-element-3ac1b0c e-flex e-con-boxed e-con e-parent\" data-id=\"3ac1b0c\" data-element_type=\"container\">\n\t\t\t\t\t<div class=\"e-con-inner\">\n\t\t\t\t<div class=\"elementor-element elementor-element-a985212 elementor-widget elementor-widget-text-editor\" data-id=\"a985212\" data-element_type=\"widget\" data-widget_type=\"text-editor.default\">\n\t\t\t\t<div class=\"elementor-widget-container\">\n\t\t\t\t\t\t\t<h1 class=\"baslik1solsag\">Di\u011fer Sorumluluklar<\/h1><div class=\"orta-kutu-sol-sag orta-kutu-sol-sag-icerik\"><p><span>Kaliteyi \u00f6n planda tutmak, m\u00fc\u015fteri verilenle yetinse ve memnun olsa dahi, kaliteli ve g\u00fcvenilir \u00fcr\u00fcn ve hizmetlerle t\u00fcketicinin ya\u015fam kalitesini art\u0131rmak,<\/span><\/p><p><\/p><p><span>T\u00fcm personeli, durum ve konular\u0131na g\u00f6re belirli aral\u0131klarla e\u011fitip modern teknolojiyi kullanarak kaliteli hizmet sunmalar\u0131n\u0131 sa\u011flamak,<\/span><\/p><p><\/p><p><span>Kat\u0131l\u0131mc\u0131 y\u00f6netim ve ekip \u00e7al\u0131\u015fmas\u0131n\u0131 \u00f6nde tutmak, kar\u0131, zarar\u0131, ba\u015far\u0131y\u0131 ve ba\u015far\u0131s\u0131zl\u0131\u011f\u0131 payla\u015fmak,<\/span><\/p><p><\/p><p><span>S\u00fcrd\u00fcrd\u00fc\u011f\u00fcm\u00fcz faaliyetlerimizle s\u00fcrekli b\u00fcy\u00fcmeyi hedeflemek, \u00fcr\u00fcn ve hizmetlerimizle sekt\u00f6rlerde ilkleri ger\u00e7ekle\u015ftirmek,<\/span><\/p><p><\/p><p><span>\u00dclkemizin ve milletimizin ekonomik ve sosyal refah\u0131 i\u00e7in daima daha iyiyi hedeflemek,<\/span><\/p><p><\/p><p><span>Faaliyet alanlar\u0131m\u0131zda sosyal, politik ve k\u00fclt\u00fcrel de\u011ferlere sayg\u0131 g\u00f6stermek, sosyal sorumluluk projelerine \u00f6nem veren \u00f6rnek bir kurum olmak,<\/span><\/p><p><\/p><p><span>Kurumsal k\u00fclt\u00fcr\u00fcm\u00fcz\u00fcn bir gere\u011fi olarak, grup i\u00e7i ve grup d\u0131\u015f\u0131 ili\u015fkilerde; g\u00fcven, sevgi ve sayg\u0131ya dayal\u0131 bir tutum sergilemek,<\/span><\/p><p><\/p><p><span>T\u00fcm faaliyet ve ili\u015fkilerimizde do\u011fru ve d\u00fcr\u00fcst olmak, yasalara, etik kurallara uygun ve \u015feffaf davranmak, kurum i\u00e7i sosyal dengeyi korumak,<\/span><\/p><p><\/p><p><span>Karar alma s\u00fcrecinde; ortaklar\u0131m\u0131z\u0131n, \u00e7al\u0131\u015fanlar\u0131m\u0131z\u0131n ve t\u00fcketicilerimizin \u00e7\u0131karlar\u0131n\u0131 g\u00f6zetmek,<\/span><\/p><p><\/p><p><span>\u015eirkete ait herhangi bir bilgiyi; menfaat elde etme ve ba\u015fka maksatlarla d\u0131\u015far\u0131ya veya di\u011fer \u015firketlere s\u0131zd\u0131rmamak, ba\u015fkalar\u0131n\u0131n menfaat elde etmesine vesile olmamak,<\/span><\/p><p><\/p><p><span>\u00c7evreye ve do\u011faya de\u011fer veren bir yakla\u015f\u0131mla, toplam kalite y\u00f6netimi \u00e7er\u00e7evesinde faaliyet g\u00f6sterip \u00fcretim yapmak,<\/span><\/p><p><\/p><p><span>M\u00fc\u015fterilerimizin, \u00e7al\u0131\u015fanlar\u0131m\u0131z\u0131n ve m\u00fcracaatta bulunan ki\u015fi ve kurulu\u015flar\u0131n gizliliklerine ve \u00f6zel bilgilerinin korunmas\u0131na \u00f6zen g\u00f6stermek,<\/span><\/p><p><\/p><p><span>M\u00fc\u015fteri memnuniyeti odakl\u0131, m\u00fc\u015fterilerimizin ihtiya\u00e7 ve taleplerine en k\u0131sa zamanda, en do\u011fru \u015fekilde cevap veren bir anlay\u0131\u015fla \u00e7al\u0131\u015fmak; hizmetlerimizi, zaman\u0131nda ve s\u00f6z verdi\u011fimiz ko\u015fullarda sunmak; m\u00fc\u015fterilerimize sayg\u0131, onur, adalet, e\u015fitlik ve nezaket kurallar\u0131 \u00e7er\u00e7evesinde yakla\u015fmak,<\/span><\/p><p><\/p><p><span>\u00c7al\u0131\u015fanlar\u0131n \u00f6zl\u00fck haklar\u0131n\u0131n tam ve do\u011fru bi\u00e7imde kullan\u0131lmas\u0131n\u0131 sa\u011flamak, onlara kar\u015f\u0131 d\u00fcr\u00fcst ve adil yakla\u015fmak, ayr\u0131mc\u0131 olmayan, g\u00fcvenli ve sa\u011fl\u0131kl\u0131 bir \u00e7al\u0131\u015fma ortam\u0131 haz\u0131rlamak, \u00e7al\u0131\u015fanlar\u0131m\u0131z\u0131n bireysel geli\u015fimi i\u00e7in gerekli \u00e7abay\u0131 g\u00f6stermek,<\/span><\/p><p><\/p><p><span>Finansal disiplin ve hesap verebilirlik \u00e7er\u00e7evesinde hareket etmek, grubumuzun kaynak ve varl\u0131klar\u0131 ile \u00e7al\u0131\u015fma zaman\u0131m\u0131z\u0131 verimlilik ve tasarruf bilinciyle y\u00f6netmek, rekabet g\u00fcc\u00fcm\u00fcz\u00fc art\u0131ran ve b\u00fcy\u00fcme potansiyeli olan kayna\u011fa ve en y\u00fcksek getiriyi sa\u011flayacak alanlara yat\u0131r\u0131m yapmaya \u00f6zen g\u00f6stermek,<\/span><\/p><p><\/p><p><span>Sadece yasal ve etik olan alanlarda rekabet etmek ve haks\u0131z rekabetten ka\u00e7\u0131nmak, toplum i\u00e7inde hedeflenen rekabet\u00e7i yap\u0131n\u0131n sa\u011flanmas\u0131na y\u00f6nelik \u00e7al\u0131\u015fmalar\u0131 desteklemek,<\/span><\/p><p><\/p><p><span>Ba\u015farabilece\u011fimize inand\u0131\u011f\u0131m\u0131z alanlarda hizmet vermeye \u00f6zen g\u00f6stermek, do\u011fruluk prensiplerine uyan m\u00fc\u015fteriler, i\u015f ortaklar\u0131 ve elemanlar ile \u00e7al\u0131\u015fmak, toplum ahlak\u0131n\u0131 zedeleyerek \u00e7evreye ve toplum sa\u011fl\u0131\u011f\u0131na zarar verenlerden uzak durmak,<\/span><\/p><p><\/p><p><span>\u0130nsan haklar\u0131n\u0131 ve \u00e7evreyi korunmak, e\u011fitim ve hay\u0131r i\u015flerini desteklemek, iyi bir vatanda\u015f olma bilinciyle\u00a0toplumsal konularda \u00f6nc\u00fc olarak duyarl\u0131 bir \u015fekilde hareket etmek, sivil toplum \u00f6rg\u00fctlerinde, kamu yarar\u0131na olan hizmetlerde rol almaya \u00e7al\u0131\u015fmakt\u0131r.<\/span><\/p><\/div>\t\t\t\t\t\t<\/div>\n\t\t\t\t<\/div>\n\t\t\t\t\t<\/div>\n\t\t\t\t<\/div>\n\t\t\t\t<\/div>\n\t\t","protected":false},"excerpt":{"rendered":"<p>Di\u011fer Sorumluluklar Kaliteyi \u00f6n planda tutmak, m\u00fc\u015fteri verilenle yetinse ve memnun olsa dahi, kaliteli ve g\u00fcvenilir \u00fcr\u00fcn ve hizmetlerle t\u00fcketicinin ya\u015fam kalitesini art\u0131rmak, T\u00fcm personeli, durum ve konular\u0131na g\u00f6re belirli aral\u0131klarla e\u011fitip modern teknolojiyi kullanarak kaliteli hizmet sunmalar\u0131n\u0131 sa\u011flamak, Kat\u0131l\u0131mc\u0131 y\u00f6netim ve ekip \u00e7al\u0131\u015fmas\u0131n\u0131 \u00f6nde tutmak, kar\u0131, zarar\u0131, ba\u015far\u0131y\u0131 ve [&hellip;]<\/p>\n","protected":false},"author":1,"featured_media":0,"parent":0,"menu_order":0,"comment_status":"closed","ping_status":"closed","template":"","meta":{"footnotes":""},"class_list":["post-1357","page","type-page","status-publish","hentry"],"_links":{"self":[{"href":"https:\/\/nazmiakpinarlojistik.com.tr\/index.php?rest_route=\/wp\/v2\/pages\/1357","targetHints":{"allow":["GET"]}}],"collection":[{"href":"https:\/\/nazmiakpinarlojistik.com.tr\/index.php?rest_route=\/wp\/v2\/pages"}],"about":[{"href":"https:\/\/nazmiakpinarlojistik.com.tr\/index.php?rest_route=\/wp\/v2\/types\/page"}],"author":[{"embeddable":true,"href":"https:\/\/nazmiakpinarlojistik.com.tr\/index.php?rest_route=\/wp\/v2\/users\/1"}],"replies":[{"embeddable":true,"href":"https:\/\/nazmiakpinarlojistik.com.tr\/index.php?rest_route=%2Fwp%2Fv2%2Fcomments&post=1357"}],"version-history":[{"count":4,"href":"https:\/\/nazmiakpinarlojistik.com.tr\/index.php?rest_route=\/wp\/v2\/pages\/1357\/revisions"}],"predecessor-version":[{"id":1546,"href":"https:\/\/nazmiakpinarlojistik.com.tr\/index.php?rest_route=\/wp\/v2\/pages\/1357\/revisions\/1546"}],"wp:attachment":[{"href":"https:\/\/nazmiakpinarlojistik.com.tr\/index.php?rest_route=%2Fwp%2Fv2%2Fmedia&parent=1357"}],"curies":[{"name":"wp","href":"https:\/\/api.w.org\/{rel}","templated":true}]}}