{"id":1356,"date":"2024-09-30T08:14:30","date_gmt":"2024-09-30T08:14:30","guid":{"rendered":"https:\/\/nazmiakpinarlojistik.com.tr\/?page_id=1356"},"modified":"2024-10-02T06:43:12","modified_gmt":"2024-10-02T06:43:12","slug":"yasal-sorumluluk","status":"publish","type":"page","link":"https:\/\/nazmiakpinarlojistik.com.tr\/?page_id=1356","title":{"rendered":"Yasal Sorumluluk"},"content":{"rendered":"\t\t<div data-elementor-type=\"wp-page\" data-elementor-id=\"1356\" class=\"elementor elementor-1356\" data-elementor-post-type=\"page\">\n\t\t\t\t<div class=\"elementor-element elementor-element-dbb1f76 e-flex e-con-boxed e-con e-parent\" data-id=\"dbb1f76\" data-element_type=\"container\">\n\t\t\t\t\t<div class=\"e-con-inner\">\n\t\t\t\t<div class=\"elementor-element elementor-element-98d7453 elementor-widget elementor-widget-text-editor\" data-id=\"98d7453\" data-element_type=\"widget\" data-widget_type=\"text-editor.default\">\n\t\t\t\t<div class=\"elementor-widget-container\">\n\t\t\t\t\t\t\t<h1 class=\"baslik1solsag\">Yasal Sorumluluk<\/h1><div class=\"orta-kutu-sol-sag orta-kutu-sol-sag-icerik\"><p><span>Faaliyet ve i\u015flemlerimizi; yasalar ve milletleraras\u0131 hukuk kurallar\u0131 \u00e7er\u00e7evesinde y\u00fcr\u00fctmek, yasal d\u00fczenleyici kurum ve kurulu\u015flara do\u011fru ve tam bilgileri zaman\u0131nda sunmak, t\u00fcm faaliyet ve i\u015flemlerimizi y\u00fcr\u00fct\u00fcrken her t\u00fcrl\u00fc kamu kurum ve kurulu\u015funa, idari olu\u015fuma, sivil toplum \u00f6rg\u00fct\u00fc ve siyasi partilere herhangi bir menfaat beklentisi i\u00e7inde olmaks\u0131z\u0131n e\u015fit mesafede bulunmakt\u0131r.<\/span><\/p><\/div>\t\t\t\t\t\t<\/div>\n\t\t\t\t<\/div>\n\t\t\t\t\t<\/div>\n\t\t\t\t<\/div>\n\t\t\t\t<\/div>\n\t\t","protected":false},"excerpt":{"rendered":"<p>Yasal Sorumluluk Faaliyet ve i\u015flemlerimizi; yasalar ve milletleraras\u0131 hukuk kurallar\u0131 \u00e7er\u00e7evesinde y\u00fcr\u00fctmek, yasal d\u00fczenleyici kurum ve kurulu\u015flara do\u011fru ve tam bilgileri zaman\u0131nda sunmak, t\u00fcm faaliyet ve i\u015flemlerimizi y\u00fcr\u00fct\u00fcrken her t\u00fcrl\u00fc kamu kurum ve kurulu\u015funa, idari olu\u015fuma, sivil toplum \u00f6rg\u00fct\u00fc ve siyasi partilere herhangi bir menfaat beklentisi i\u00e7inde olmaks\u0131z\u0131n e\u015fit mesafede [&hellip;]<\/p>\n","protected":false},"author":1,"featured_media":0,"parent":0,"menu_order":0,"comment_status":"closed","ping_status":"closed","template":"","meta":{"footnotes":""},"class_list":["post-1356","page","type-page","status-publish","hentry"],"_links":{"self":[{"href":"https:\/\/nazmiakpinarlojistik.com.tr\/index.php?rest_route=\/wp\/v2\/pages\/1356","targetHints":{"allow":["GET"]}}],"collection":[{"href":"https:\/\/nazmiakpinarlojistik.com.tr\/index.php?rest_route=\/wp\/v2\/pages"}],"about":[{"href":"https:\/\/nazmiakpinarlojistik.com.tr\/index.php?rest_route=\/wp\/v2\/types\/page"}],"author":[{"embeddable":true,"href":"https:\/\/nazmiakpinarlojistik.com.tr\/index.php?rest_route=\/wp\/v2\/users\/1"}],"replies":[{"embeddable":true,"href":"https:\/\/nazmiakpinarlojistik.com.tr\/index.php?rest_route=%2Fwp%2Fv2%2Fcomments&post=1356"}],"version-history":[{"count":4,"href":"https:\/\/nazmiakpinarlojistik.com.tr\/index.php?rest_route=\/wp\/v2\/pages\/1356\/revisions"}],"predecessor-version":[{"id":1543,"href":"https:\/\/nazmiakpinarlojistik.com.tr\/index.php?rest_route=\/wp\/v2\/pages\/1356\/revisions\/1543"}],"wp:attachment":[{"href":"https:\/\/nazmiakpinarlojistik.com.tr\/index.php?rest_route=%2Fwp%2Fv2%2Fmedia&parent=1356"}],"curies":[{"name":"wp","href":"https:\/\/api.w.org\/{rel}","templated":true}]}}